{"id":21,"date":"2021-09-22T08:45:32","date_gmt":"2021-09-22T08:45:32","guid":{"rendered":"https:\/\/jumeba.ch\/?page_id=21"},"modified":"2024-11-06T15:28:14","modified_gmt":"2024-11-06T15:28:14","slug":"biologie","status":"publish","type":"page","link":"https:\/\/jumeba.ch\/es\/biologie\/","title":{"rendered":"Biologie"},"content":{"rendered":"[et_pb_section fb_built=&#8220;1&#8243; _builder_version=&#8220;4.16&#8243; _module_preset=&#8220;default&#8220; global_colors_info=&#8220;{}&#8220;][et_pb_row _builder_version=&#8220;4.16&#8243; _module_preset=&#8220;default&#8220; global_colors_info=&#8220;{}&#8220;][et_pb_column type=&#8220;4_4&#8243; _builder_version=&#8220;4.16&#8243; _module_preset=&#8220;default&#8220; global_colors_info=&#8220;{}&#8220;][et_pb_text _builder_version=&#8220;4.16&#8243; _module_preset=&#8220;default&#8220; global_colors_info=&#8220;{}&#8220;]<p>&nbsp;<\/p>\n<p><\/p>\n<p><strong>Prof.Dr.phil., emeritierter Titularprofessor f\u00fcr Zoologie,<\/strong> Departement f\u00fcr Umweltwissenschaften, Universit\u00e4t Basel<\/p>\n<p><\/p>\n<p><\/p>\n<h2 class=\"wp-block-heading\">Forschungsschwerpunkte und Aktivit\u00e4ten<\/h2>\n<p>Meine Spezialgebiete sind:<span style=\"font-size: 14px;\">Giftschlangen und Schlangengifte, speziell Grubenottern (Crotaliden) und Serinproteinasen mit einer Wirkung auf die H\u00e4mostase; <\/span><span style=\"font-size: 14px;\">Herpetologie, speziell Cham\u00e4leons; <\/span><span style=\"font-size: 14px;\">Tiergartenbiologie<\/span><\/p>\n<p><!-- \/wp:post-content --><\/p>[\/et_pb_text][\/et_pb_column][\/et_pb_row][\/et_pb_section][et_pb_section fb_built=&#8220;1&#8243; _builder_version=&#8220;4.16&#8243; _module_preset=&#8220;default&#8220; global_colors_info=&#8220;{}&#8220;][\/et_pb_section]","protected":false},"excerpt":{"rendered":"<p>&nbsp; Prof.Dr.phil., emeritierter Titularprofessor f\u00fcr Zoologie, Departement f\u00fcr Umweltwissenschaften, Universit\u00e4t Basel Forschungsschwerpunkte und Aktivit\u00e4ten Meine Spezialgebiete sind: Giftschlangen und Schlangengifte, speziell Grubenottern (Crotaliden) und Serinproteinasen mit einer Wirkung auf die H\u00e4mostase; Herpetologie, speziell Cham\u00e4leons; Tiergartenbiologie<\/p>","protected":false},"author":1,"featured_media":0,"parent":0,"menu_order":0,"comment_status":"closed","ping_status":"closed","template":"","meta":{"_et_pb_use_builder":"on","_et_pb_old_content":"","_et_gb_content_width":"","footnotes":""},"class_list":["post-21","page","type-page","status-publish","hentry"],"_links":{"self":[{"href":"https:\/\/jumeba.ch\/es\/wp-json\/wp\/v2\/pages\/21","targetHints":{"allow":["GET"]}}],"collection":[{"href":"https:\/\/jumeba.ch\/es\/wp-json\/wp\/v2\/pages"}],"about":[{"href":"https:\/\/jumeba.ch\/es\/wp-json\/wp\/v2\/types\/page"}],"author":[{"embeddable":true,"href":"https:\/\/jumeba.ch\/es\/wp-json\/wp\/v2\/users\/1"}],"replies":[{"embeddable":true,"href":"https:\/\/jumeba.ch\/es\/wp-json\/wp\/v2\/comments?post=21"}],"version-history":[{"count":9,"href":"https:\/\/jumeba.ch\/es\/wp-json\/wp\/v2\/pages\/21\/revisions"}],"predecessor-version":[{"id":225,"href":"https:\/\/jumeba.ch\/es\/wp-json\/wp\/v2\/pages\/21\/revisions\/225"}],"wp:attachment":[{"href":"https:\/\/jumeba.ch\/es\/wp-json\/wp\/v2\/media?parent=21"}],"curies":[{"name":"wp","href":"https:\/\/api.w.org\/{rel}","templated":true}]}}