{"id":45,"date":"2021-09-22T09:12:09","date_gmt":"2021-09-22T09:12:09","guid":{"rendered":"https:\/\/jumeba.ch\/?page_id=45"},"modified":"2024-11-06T15:30:39","modified_gmt":"2024-11-06T15:30:39","slug":"oekonomie","status":"publish","type":"page","link":"https:\/\/jumeba.ch\/es\/oekonomie\/","title":{"rendered":"\u00d6konomie"},"content":{"rendered":"<p>[et_pb_section fb_built=&#8220;1&#8243; _builder_version=&#8220;4.16&#8243; _module_preset=&#8220;default&#8220; global_colors_info=&#8220;{}&#8220;][et_pb_row _builder_version=&#8220;4.16&#8243; _module_preset=&#8220;default&#8220; global_colors_info=&#8220;{}&#8220;][et_pb_column type=&#8220;4_4&#8243; _builder_version=&#8220;4.16&#8243; _module_preset=&#8220;default&#8220; global_colors_info=&#8220;{}&#8220;][et_pb_text _builder_version=&#8220;4.16&#8243; _module_preset=&#8220;default&#8220; global_colors_info=&#8220;{}&#8220;]<\/p>\n<h1>\u00d6konomie<\/h1>\n<p>[\/et_pb_text][et_pb_text _builder_version=&#8220;4.27.2&#8243; _module_preset=&#8220;default&#8220; hover_enabled=&#8220;0&#8243; global_colors_info=&#8220;{}&#8220; sticky_enabled=&#8220;0&#8243;]<\/p>\n<p><strong>Pr\u00e4sident des Verwaltungsrates, Mercuri AG, 4147 Aesch<\/strong><\/p>\n<p><strong>Meine Hauptthemen sind: F\u00fchrung und Qualit\u00e4tsmanagement<\/strong><\/p>\n<h2><\/h2>\n<h2><\/h2>\n<ul><\/ul>\n<p>&nbsp;<\/p>\n<p>[\/et_pb_text][\/et_pb_column][\/et_pb_row][\/et_pb_section]<\/p>","protected":false},"excerpt":{"rendered":"<p>\u00d6konomiePr\u00e4sident des Verwaltungsrates, Mercuri AG, 4147 Aesch Meine Hauptthemen sind: F\u00fchrung und Qualit\u00e4tsmanagement &nbsp;<\/p>","protected":false},"author":1,"featured_media":0,"parent":0,"menu_order":0,"comment_status":"closed","ping_status":"closed","template":"","meta":{"_et_pb_use_builder":"on","_et_pb_old_content":"","_et_gb_content_width":"","footnotes":""},"class_list":["post-45","page","type-page","status-publish","hentry"],"_links":{"self":[{"href":"https:\/\/jumeba.ch\/es\/wp-json\/wp\/v2\/pages\/45","targetHints":{"allow":["GET"]}}],"collection":[{"href":"https:\/\/jumeba.ch\/es\/wp-json\/wp\/v2\/pages"}],"about":[{"href":"https:\/\/jumeba.ch\/es\/wp-json\/wp\/v2\/types\/page"}],"author":[{"embeddable":true,"href":"https:\/\/jumeba.ch\/es\/wp-json\/wp\/v2\/users\/1"}],"replies":[{"embeddable":true,"href":"https:\/\/jumeba.ch\/es\/wp-json\/wp\/v2\/comments?post=45"}],"version-history":[{"count":5,"href":"https:\/\/jumeba.ch\/es\/wp-json\/wp\/v2\/pages\/45\/revisions"}],"predecessor-version":[{"id":227,"href":"https:\/\/jumeba.ch\/es\/wp-json\/wp\/v2\/pages\/45\/revisions\/227"}],"wp:attachment":[{"href":"https:\/\/jumeba.ch\/es\/wp-json\/wp\/v2\/media?parent=45"}],"curies":[{"name":"wp","href":"https:\/\/api.w.org\/{rel}","templated":true}]}}