{"id":48,"date":"2021-09-22T09:13:21","date_gmt":"2021-09-22T09:13:21","guid":{"rendered":"https:\/\/jumeba.ch\/?page_id=48"},"modified":"2024-11-06T15:31:41","modified_gmt":"2024-11-06T15:31:41","slug":"theologie","status":"publish","type":"page","link":"https:\/\/jumeba.ch\/es\/theologie\/","title":{"rendered":"Theologie"},"content":{"rendered":"<p>[et_pb_section fb_built=&#8220;1&#8243; _builder_version=&#8220;4.16&#8243; _module_preset=&#8220;default&#8220; global_colors_info=&#8220;{}&#8220;][et_pb_row _builder_version=&#8220;4.16&#8243; _module_preset=&#8220;default&#8220; global_colors_info=&#8220;{}&#8220;][et_pb_column type=&#8220;4_4&#8243; _builder_version=&#8220;4.16&#8243; _module_preset=&#8220;default&#8220; global_colors_info=&#8220;{}&#8220;][et_pb_text _builder_version=&#8220;4.16&#8243; _module_preset=&#8220;default&#8220; global_colors_info=&#8220;{}&#8220;]<\/p>\n<h1>Theologie<\/h1>\n<p>[\/et_pb_text][et_pb_text _builder_version=&#8220;4.16&#8243; _module_preset=&#8220;default&#8220; global_colors_info=&#8220;{}&#8220;]<\/p>\n<div id=\"parallax-bg\"><\/div>\n<div id=\"content\" class=\"site-content\">\n<div class=\"inner-wrap clearfix\">\n<div id=\"primary\" class=\"content-area\">\n<p><span style=\"font-size: 14px;\">\u00a0<\/span><\/p>\n<p><main id=\"main\" class=\"site-main\" role=\"main\"><\/p>\n<article id=\"post-100\" class=\"post-100 page type-page status-publish hentry\">\n<div class=\"entry-content\">\n<ul>\n<li>Beauftragter f\u00fcr \u00d6kumene, Neuapostolische Kirche, Bezirk Basel<\/li>\n<li>Mitglied Vorstand, Arbeitsgemeinschaft christlicher Kirchen beider Basel<\/li>\n<li>Pr\u00e4sident, Basler Bibelgesellschaft<\/li>\n<\/ul>\n<p><strong>Links<\/strong><\/p>\n<figure class=\"wp-block-gallery columns-0 is-cropped\">\n<ul class=\"blocks-gallery-grid\"><\/ul>\n<\/figure>\n<p><strong><a href=\"http:\/\/www.basler-bibelgesellschaft.ch\/\">Basler Bibelgesellschaft<\/a><\/strong><\/p>\n<p><strong><a href=\"http:\/\/www.bfu-online.org\/\">BFU Bibelfernunterricht<\/a><\/strong><\/p>\n<p><strong><a href=\"https:\/\/www.telebibel.ch\/basel-bern\" target=\"_blank\" rel=\"noreferrer noopener\">Telebibel Basel Bern<\/a><\/strong><\/p>\n<\/div>\n<\/article>\n<p>&nbsp;<\/p>\n<p>&nbsp;<\/p>\n<p><\/main><\/div>\n<\/div>\n<\/div>\n<p>[\/et_pb_text][\/et_pb_column][\/et_pb_row][\/et_pb_section]<\/p>","protected":false},"excerpt":{"rendered":"<p>Theologie \u00a0 Beauftragter f\u00fcr \u00d6kumene, Neuapostolische Kirche, Bezirk Basel Mitglied Vorstand, Arbeitsgemeinschaft christlicher Kirchen beider Basel Pr\u00e4sident, Basler Bibelgesellschaft Links Basler Bibelgesellschaft BFU Bibelfernunterricht Telebibel Basel Bern &nbsp; &nbsp;<\/p>","protected":false},"author":1,"featured_media":0,"parent":0,"menu_order":0,"comment_status":"closed","ping_status":"closed","template":"","meta":{"_et_pb_use_builder":"on","_et_pb_old_content":"","_et_gb_content_width":"","footnotes":""},"class_list":["post-48","page","type-page","status-publish","hentry"],"_links":{"self":[{"href":"https:\/\/jumeba.ch\/es\/wp-json\/wp\/v2\/pages\/48","targetHints":{"allow":["GET"]}}],"collection":[{"href":"https:\/\/jumeba.ch\/es\/wp-json\/wp\/v2\/pages"}],"about":[{"href":"https:\/\/jumeba.ch\/es\/wp-json\/wp\/v2\/types\/page"}],"author":[{"embeddable":true,"href":"https:\/\/jumeba.ch\/es\/wp-json\/wp\/v2\/users\/1"}],"replies":[{"embeddable":true,"href":"https:\/\/jumeba.ch\/es\/wp-json\/wp\/v2\/comments?post=48"}],"version-history":[{"count":5,"href":"https:\/\/jumeba.ch\/es\/wp-json\/wp\/v2\/pages\/48\/revisions"}],"predecessor-version":[{"id":228,"href":"https:\/\/jumeba.ch\/es\/wp-json\/wp\/v2\/pages\/48\/revisions\/228"}],"wp:attachment":[{"href":"https:\/\/jumeba.ch\/es\/wp-json\/wp\/v2\/media?parent=48"}],"curies":[{"name":"wp","href":"https:\/\/api.w.org\/{rel}","templated":true}]}}