{"id":51,"date":"2021-09-22T09:17:28","date_gmt":"2021-09-22T09:17:28","guid":{"rendered":"https:\/\/jumeba.ch\/?page_id=51"},"modified":"2023-10-19T13:52:02","modified_gmt":"2023-10-19T13:52:02","slug":"ueber-uns","status":"publish","type":"page","link":"https:\/\/jumeba.ch\/es\/ueber-uns\/","title":{"rendered":"\u00dcber uns"},"content":{"rendered":"<p>[et_pb_section fb_built=&#8220;1&#8243; _builder_version=&#8220;4.16&#8243; _module_preset=&#8220;default&#8220; global_colors_info=&#8220;{}&#8220;][et_pb_row _builder_version=&#8220;4.22.2&#8243; _module_preset=&#8220;default&#8220; global_colors_info=&#8220;{}&#8220;][et_pb_column type=&#8220;4_4&#8243; _builder_version=&#8220;4.16&#8243; _module_preset=&#8220;default&#8220; global_colors_info=&#8220;{}&#8220;][et_pb_text _builder_version=&#8220;4.22.2&#8243; _module_preset=&#8220;default&#8220; hover_enabled=&#8220;0&#8243; global_colors_info=&#8220;{}&#8220; sticky_enabled=&#8220;0&#8243;]<\/p>\n<h1>\u00dcber uns<\/h1>\n<blockquote>\n<p>Wer ich bin und was ich so alles tat und noch tue, k\u00f6nnt Ihr <strong><a href=\"https:\/\/jumeba.ch\/wp-content\/uploads\/2023\/10\/2023_Lebenslauf-Juerg-Meier.pdf\" target=\"_blank\" rel=\"noopener noreferrer\">hier <\/a><\/strong>lesen.<\/p>\n<p>Die Liste der Publikationen finden Sie\u00a0<strong><a href=\"https:\/\/jumeba.ch\/wp-content\/uploads\/2023\/10\/2023_Publikationen-Juerg-Meier.pdf\" target=\"_blank\" rel=\"noopener noreferrer\">hier<\/a><\/strong>.<\/p>\n<\/blockquote>\n<h3><\/h3>\n<h3>J\u00fcrg Meier<\/h3>\n<p><strong>Erfahrungen:<\/strong><\/p>\n<p>Gesch\u00e4ftsf\u00fchrer in einem Pharma-KMU (&gt; 100 Mitarbeiter)<br \/>Leiter Forschung und Entwicklung in einem Pharma-KMU<br \/>Fabrikationsleiter in einem Pharma-KMU<br \/>Leiter Qualit\u00e4tsmanagement in einem Pharma-KMU<br \/>Planen, Einf\u00fchren und Weiterentwickeln von Qualit\u00e4tsmanagement-Systemen nach ISO 9001:2015 in Unternehmen unterschiedlicher Gr\u00f6sse und unterschiedlicher Branchen<br \/>Auditor von Qualit\u00e4tsmanagement-Systemen (freier Lead Auditor bei der SQS, Schweiz. Vereinigung f\u00fcr Qualit\u00e4ts- und Management-Systeme f\u00fcr ISO 9001, ISO 14001, ISO 22716, BRC Consumer Products und EFfCI)<br \/>Dozent (Universit\u00e4t und Fachhochschule)<br \/>Erwachsenenbildner (ARIVA-Modell)<\/p>\n<h3>Ulrike Meier<\/h3>\n<p><strong>Erfahrungen:<\/strong><\/p>\n<p>Biologielaborantin<br \/>Eidg. Handelsdiplom<br \/>Dipl. QM-Organisatorin (SAQ)<br \/>Dipl. Masseurin<br \/>Dipl. Sachbearbeiterin Finanzwesen (AKAD)<\/p>\n<p><strong>T\u00e4tigkeiten:<span>\u00a0<\/span><\/strong>F\u00fchrung von Buchhaltungen kleiner Unternehmen<\/p>\n<p>[\/et_pb_text][\/et_pb_column][\/et_pb_row][\/et_pb_section]<\/p>","protected":false},"excerpt":{"rendered":"<p>\u00dcber uns Wer ich bin und was ich so alles tat und noch tue, k\u00f6nnt Ihr hier lesen. Die Liste der Publikationen finden Sie\u00a0hier. J\u00fcrg Meier Erfahrungen: Gesch\u00e4ftsf\u00fchrer in einem Pharma-KMU (&gt; 100 Mitarbeiter)Leiter Forschung und Entwicklung in einem Pharma-KMUFabrikationsleiter in einem Pharma-KMULeiter Qualit\u00e4tsmanagement in einem Pharma-KMUPlanen, Einf\u00fchren und Weiterentwickeln von Qualit\u00e4tsmanagement-Systemen nach ISO 9001:2015 [&hellip;]<\/p>","protected":false},"author":1,"featured_media":0,"parent":0,"menu_order":0,"comment_status":"closed","ping_status":"closed","template":"","meta":{"_et_pb_use_builder":"on","_et_pb_old_content":"","_et_gb_content_width":"","footnotes":""},"class_list":["post-51","page","type-page","status-publish","hentry"],"_links":{"self":[{"href":"https:\/\/jumeba.ch\/es\/wp-json\/wp\/v2\/pages\/51","targetHints":{"allow":["GET"]}}],"collection":[{"href":"https:\/\/jumeba.ch\/es\/wp-json\/wp\/v2\/pages"}],"about":[{"href":"https:\/\/jumeba.ch\/es\/wp-json\/wp\/v2\/types\/page"}],"author":[{"embeddable":true,"href":"https:\/\/jumeba.ch\/es\/wp-json\/wp\/v2\/users\/1"}],"replies":[{"embeddable":true,"href":"https:\/\/jumeba.ch\/es\/wp-json\/wp\/v2\/comments?post=51"}],"version-history":[{"count":19,"href":"https:\/\/jumeba.ch\/es\/wp-json\/wp\/v2\/pages\/51\/revisions"}],"predecessor-version":[{"id":234,"href":"https:\/\/jumeba.ch\/es\/wp-json\/wp\/v2\/pages\/51\/revisions\/234"}],"wp:attachment":[{"href":"https:\/\/jumeba.ch\/es\/wp-json\/wp\/v2\/media?parent=51"}],"curies":[{"name":"wp","href":"https:\/\/api.w.org\/{rel}","templated":true}]}}