{"id":218,"date":"2024-11-06T14:59:15","date_gmt":"2024-11-06T14:59:15","guid":{"rendered":"https:\/\/jumeba.ch\/?post_type=product&#038;p=218"},"modified":"2025-01-30T16:26:11","modified_gmt":"2025-01-30T16:26:11","slug":"im-bebbi-si-biible-2","status":"publish","type":"product","link":"https:\/\/jumeba.ch\/es\/product\/im-bebbi-si-biible-2\/","title":{"rendered":"\u00ccM BEBBI SI B\u00cc\u00ccBLE"},"content":{"rendered":"<p>S N\u00f6ie Teschdam\u00e4nt uf Baaseld\u00fctsch, \u00fcberdr\u00e4it vom J\u00fcrg Meier (Prof.Dr.tphil.)<br \/>\nJUMEBA SACHBUCHVERLAG, 2023, ISBN 978-3-907338-02-5<\/p>","protected":false},"excerpt":{"rendered":"<p>Preis inkl, Versand. Die Versandkosten belaufen sich &#8211; wegen der hohen Portogeb\u00fchren in der Schweiz &#8211; auf zus\u00e4tzlich CHF 10.00!<\/p>","protected":false},"featured_media":219,"comment_status":"open","ping_status":"closed","template":"","meta":{"_et_pb_use_builder":"","_et_pb_old_content":"","_et_gb_content_width":""},"product_cat":[20,23],"product_tag":[32,34],"class_list":{"0":"post-218","1":"product","2":"type-product","3":"status-publish","4":"has-post-thumbnail","6":"product_cat-buecher","7":"product_cat-theologie","8":"product_tag-baaselduetsch","9":"product_tag-noeis-teschdamaent","11":"first","12":"instock","13":"taxable","14":"shipping-taxable","15":"purchasable","16":"product-type-simple"},"_links":{"self":[{"href":"https:\/\/jumeba.ch\/es\/wp-json\/wp\/v2\/product\/218","targetHints":{"allow":["GET"]}}],"collection":[{"href":"https:\/\/jumeba.ch\/es\/wp-json\/wp\/v2\/product"}],"about":[{"href":"https:\/\/jumeba.ch\/es\/wp-json\/wp\/v2\/types\/product"}],"replies":[{"embeddable":true,"href":"https:\/\/jumeba.ch\/es\/wp-json\/wp\/v2\/comments?post=218"}],"wp:featuredmedia":[{"embeddable":true,"href":"https:\/\/jumeba.ch\/es\/wp-json\/wp\/v2\/media\/219"}],"wp:attachment":[{"href":"https:\/\/jumeba.ch\/es\/wp-json\/wp\/v2\/media?parent=218"}],"wp:term":[{"taxonomy":"product_cat","embeddable":true,"href":"https:\/\/jumeba.ch\/es\/wp-json\/wp\/v2\/product_cat?post=218"},{"taxonomy":"product_tag","embeddable":true,"href":"https:\/\/jumeba.ch\/es\/wp-json\/wp\/v2\/product_tag?post=218"}],"curies":[{"name":"wp","href":"https:\/\/api.w.org\/{rel}","templated":true}]}}