{"id":239,"date":"2024-11-29T12:43:01","date_gmt":"2024-11-29T12:43:01","guid":{"rendered":"https:\/\/jumeba.ch\/?post_type=product&#038;p=239"},"modified":"2024-11-29T12:43:39","modified_gmt":"2024-11-29T12:43:39","slug":"wo-der-himmel-ist","status":"publish","type":"product","link":"https:\/\/jumeba.ch\/es\/product\/wo-der-himmel-ist\/","title":{"rendered":"WO DER HIMMEL IST"},"content":{"rendered":"<p>Autor: Prof.Dr.theol. Michael Bangert. Publikationen zu Mystik, \u00c4sthetik und Spiritualit\u00e4t sowei zu F\u00fchrungsethik. Pfarrer an der christkatholischen Predigerkirche in Basel. Lehrt\u00e4tigkeit an der Universit\u00e4t Basel.<br \/>\nZum Buch: Bilder k\u00f6nnen den Zugang zum Unendlichen er\u00f6ffnen. In diesem Band sind 111 Miniaturen &#8211; kleine Betrachtungen &#8211; zu Bildern aus verschiedenen Epochen versammelt. F\u00fcr Menschen, die einen spirituellen Weg suchen, k\u00f6nnen die &#8222;\u00e4usseren&#8220; Bilder eine Hilfe geben, um die eigenen &#8222;inneren&#8220; Bilder zu entdecken. In den Motiven aus Kunst, Natur und Religion l\u00e4sst sich die Quelle des G\u00f6ttlichen erahnen.<\/p>","protected":false},"excerpt":{"rendered":"<p>inkl. Versandkosten<\/p>","protected":false},"featured_media":241,"comment_status":"open","ping_status":"closed","template":"","meta":{"_et_pb_use_builder":"","_et_pb_old_content":"","_et_gb_content_width":""},"product_cat":[20,23],"product_tag":[],"class_list":{"0":"post-239","1":"product","2":"type-product","3":"status-publish","4":"has-post-thumbnail","6":"product_cat-buecher","7":"product_cat-theologie","9":"first","10":"instock","11":"taxable","12":"shipping-taxable","13":"purchasable","14":"product-type-simple"},"_links":{"self":[{"href":"https:\/\/jumeba.ch\/es\/wp-json\/wp\/v2\/product\/239","targetHints":{"allow":["GET"]}}],"collection":[{"href":"https:\/\/jumeba.ch\/es\/wp-json\/wp\/v2\/product"}],"about":[{"href":"https:\/\/jumeba.ch\/es\/wp-json\/wp\/v2\/types\/product"}],"replies":[{"embeddable":true,"href":"https:\/\/jumeba.ch\/es\/wp-json\/wp\/v2\/comments?post=239"}],"wp:featuredmedia":[{"embeddable":true,"href":"https:\/\/jumeba.ch\/es\/wp-json\/wp\/v2\/media\/241"}],"wp:attachment":[{"href":"https:\/\/jumeba.ch\/es\/wp-json\/wp\/v2\/media?parent=239"}],"wp:term":[{"taxonomy":"product_cat","embeddable":true,"href":"https:\/\/jumeba.ch\/es\/wp-json\/wp\/v2\/product_cat?post=239"},{"taxonomy":"product_tag","embeddable":true,"href":"https:\/\/jumeba.ch\/es\/wp-json\/wp\/v2\/product_tag?post=239"}],"curies":[{"name":"wp","href":"https:\/\/api.w.org\/{rel}","templated":true}]}}