{"id":255,"date":"2025-04-30T15:29:39","date_gmt":"2025-04-30T15:29:39","guid":{"rendered":"https:\/\/jumeba.ch\/?post_type=product&#038;p=255"},"modified":"2025-07-17T08:24:56","modified_gmt":"2025-07-17T08:24:56","slug":"eberhard-wagner-das-mustergebet-erklaerungen-zum-vaterunser","status":"publish","type":"product","link":"https:\/\/jumeba.ch\/es\/product\/eberhard-wagner-das-mustergebet-erklaerungen-zum-vaterunser\/","title":{"rendered":"Eberhard Wagner Das Mustergebet &#8211; Erkl\u00e4rungen zum Vaterunser"},"content":{"rendered":"<p>&#8222;Ich empfand das Vaterunser von jeher als vollkommenes Gebet und liebe es bis heute von Herzen. Nun habe ich mich daran gemacht, in die Begriffe, die das Gebet enth\u00e4lt und mit denen ich seit mehr als f\u00fcnfzig Jahren in Predigt und Unterricht umgehe, tiefer einzudringen. Den Ertrag meines Denkens und Erkennens schreibe ich hier nieder nach Art von Bibelarbeiten.&#8220; <\/p>\n<p>Eberhard Wagner (1935-2024) war nach seiner theologischen Ausbildung mehr als zwanzig Jahre selbstst\u00e4ndiger Kaufmann in seinem Geburtsort Kirchhain, zw\u00f6lf Jahre Lehrer f\u00fcr Rhetorik, Homiletik Theologiegeschichte und Ethik an der Bibelschule Bergstrasse, sowie acht Jahre Pastor der Evangelisch-methodistischen Kirche Frankfurt am Main und Kirchhain.<\/p>\n<p>JUMEBA Sachbuch 2025, ISBN 978-3-907338-07-0<\/p>","protected":false},"excerpt":{"rendered":"<p>EUR 15.00<br \/>\nISBN 978-3-907338-07-0<\/p>","protected":false},"featured_media":256,"comment_status":"open","ping_status":"closed","template":"","meta":{"_et_pb_use_builder":"","_et_pb_old_content":"","_et_gb_content_width":""},"product_cat":[16,23],"product_tag":[],"class_list":{"0":"post-255","1":"product","2":"type-product","3":"status-publish","4":"has-post-thumbnail","6":"product_cat-unkategorisiert","7":"product_cat-theologie","9":"first","10":"instock","11":"taxable","12":"shipping-taxable","13":"purchasable","14":"product-type-simple"},"_links":{"self":[{"href":"https:\/\/jumeba.ch\/es\/wp-json\/wp\/v2\/product\/255","targetHints":{"allow":["GET"]}}],"collection":[{"href":"https:\/\/jumeba.ch\/es\/wp-json\/wp\/v2\/product"}],"about":[{"href":"https:\/\/jumeba.ch\/es\/wp-json\/wp\/v2\/types\/product"}],"replies":[{"embeddable":true,"href":"https:\/\/jumeba.ch\/es\/wp-json\/wp\/v2\/comments?post=255"}],"wp:featuredmedia":[{"embeddable":true,"href":"https:\/\/jumeba.ch\/es\/wp-json\/wp\/v2\/media\/256"}],"wp:attachment":[{"href":"https:\/\/jumeba.ch\/es\/wp-json\/wp\/v2\/media?parent=255"}],"wp:term":[{"taxonomy":"product_cat","embeddable":true,"href":"https:\/\/jumeba.ch\/es\/wp-json\/wp\/v2\/product_cat?post=255"},{"taxonomy":"product_tag","embeddable":true,"href":"https:\/\/jumeba.ch\/es\/wp-json\/wp\/v2\/product_tag?post=255"}],"curies":[{"name":"wp","href":"https:\/\/api.w.org\/{rel}","templated":true}]}}