{"id":263,"date":"2025-07-17T08:13:25","date_gmt":"2025-07-17T08:13:25","guid":{"rendered":"https:\/\/jumeba.ch\/?post_type=product&#038;p=263"},"modified":"2025-07-17T08:30:16","modified_gmt":"2025-07-17T08:30:16","slug":"eberhard-wagner-spannungsfelder-in-der-christlichen-gemeinde","status":"publish","type":"product","link":"https:\/\/jumeba.ch\/es\/product\/eberhard-wagner-spannungsfelder-in-der-christlichen-gemeinde\/","title":{"rendered":"Eberhard Wagner Spannungsfelder in der christlichen Gemeinde"},"content":{"rendered":"<p>Das Buch benennt Spannungsfelder \u2013 Unterschiedliche Vorstellungen, denen wir uns nicht entziehen k\u00f6nnen. Solche gibt es in allen christlichen Gemein-den, unabh\u00e4ngig von der jeweiligen Denomination. Eberhard Wagner zeigt M\u00f6glichkeiten, wie Spannungsfelder erkannt und \u00abentspannt&#8220; werden k\u00f6nnen.<br \/>\nJUMEBA Sachbuch 2025, 168 Seiten, ISBN 978-3-907338-10-0<\/p>","protected":false},"excerpt":{"rendered":"<p>EUR 20.00<br \/>\nISBN 978-3-907338-10-0<\/p>","protected":false},"featured_media":267,"comment_status":"open","ping_status":"closed","template":"","meta":{"_et_pb_use_builder":"","_et_pb_old_content":"","_et_gb_content_width":""},"product_cat":[20,23],"product_tag":[],"class_list":{"0":"post-263","1":"product","2":"type-product","3":"status-publish","4":"has-post-thumbnail","6":"product_cat-buecher","7":"product_cat-theologie","9":"first","10":"instock","11":"taxable","12":"shipping-taxable","13":"purchasable","14":"product-type-simple"},"_links":{"self":[{"href":"https:\/\/jumeba.ch\/es\/wp-json\/wp\/v2\/product\/263","targetHints":{"allow":["GET"]}}],"collection":[{"href":"https:\/\/jumeba.ch\/es\/wp-json\/wp\/v2\/product"}],"about":[{"href":"https:\/\/jumeba.ch\/es\/wp-json\/wp\/v2\/types\/product"}],"replies":[{"embeddable":true,"href":"https:\/\/jumeba.ch\/es\/wp-json\/wp\/v2\/comments?post=263"}],"wp:featuredmedia":[{"embeddable":true,"href":"https:\/\/jumeba.ch\/es\/wp-json\/wp\/v2\/media\/267"}],"wp:attachment":[{"href":"https:\/\/jumeba.ch\/es\/wp-json\/wp\/v2\/media?parent=263"}],"wp:term":[{"taxonomy":"product_cat","embeddable":true,"href":"https:\/\/jumeba.ch\/es\/wp-json\/wp\/v2\/product_cat?post=263"},{"taxonomy":"product_tag","embeddable":true,"href":"https:\/\/jumeba.ch\/es\/wp-json\/wp\/v2\/product_tag?post=263"}],"curies":[{"name":"wp","href":"https:\/\/api.w.org\/{rel}","templated":true}]}}